{"id":69,"date":"2012-06-15T11:49:19","date_gmt":"2012-06-15T09:49:19","guid":{"rendered":"http:\/\/wp.bassline-basses.com\/?page_id=69"},"modified":"2024-11-27T14:54:32","modified_gmt":"2024-11-27T13:54:32","slug":"impressum","status":"publish","type":"page","link":"https:\/\/bassline-bass.de\/en\/impressum\/","title":{"rendered":"Imprint"},"content":{"rendered":"<h3>Impressum<\/h3>\n<p>BassLine<br \/>\nInhaber:\u00a0 R\u00fcdiger Ziesemann<br \/>\nStrasse: \u00a0 M\u00fchlenweg 52<br \/>\nPlz &#8211; Ort: 47839 Krefeld<\/p>\n<p>Tel.: 0049-(0)2151\/736496<br \/>\nFax: 0049-(0)2151\/743625<br \/>\nE-Mail:\u00a0\u00a0\u00a0 <a href=\"mailto:info@bassline-bass.de\">info@bassline-bass.de<\/a><br \/>\nInternet: <a href=\"http:\/\/www.bassline-bass.de\">www.bassline-bass.de<\/a><\/p>\n<p>Gesch\u00e4ftsform: Einzelunternehmen<br \/>\nZust\u00e4ndige Kammer: Handwerkskammer D\u00fcsseldorf, IHK Krefeld<br \/>\nUst-IdnNr.: DE 120248394<br \/>\nSteuer-Nr.: 117\/5211\/0159<br \/>\nWEE-Nr.:\u00a0\u00a0\u00a0\u00a0 DE 34428268<\/p>\n<p><strong>Informationspflicht gem\u00e4\u00df Batteriegesetz (BattG)<\/strong><br \/>\nAchten Sie darauf, dass Ihre alten Batterien\/Akkus, so wie es der Gesetzgeber vorschreibt,<br \/>\nan einer kommunalen Sammelstelle oder im Handel vor Ort abgeben. Die Entsorgung \u00fcber<br \/>\nden gew\u00f6hnlichen Hausm\u00fcll ist verboten und verst\u00f6\u00dft gegen das Batteriegesetz.<br \/>\nDie Abgabe ist f\u00fcr Sie kostenlos.<br \/>\nGerne k\u00f6nnen Sie auch die bei uns erworbenen Batterien\/Akkus nach dem Gebrauch an uns unentgeltlich zur\u00fcckgeben. Die R\u00fccksendung der Batterien\/Akkus an uns muss in jedem Fall ausreichend frankiert erfolgen.<br \/>\nR\u00fccksendungen von Batterien\/Akkus sind zu richten an:<br \/>\nBassLine<br \/>\nM\u00fchlenweg 52<br \/>\n47839 Krefeld<\/p>\n<p>Batterien und Akkus, die Schadstoffe enthalten, sind mit dem Symbol einer durchgekreuzten M\u00fclltonne deutlich erkennbar gekennzeichnet.<br \/>\nDesweiteren befindet sich unter dem Symbol der durchgekreuzten M\u00fclltonne, die chemische Bezeichnung der entsprechenden Schadstoffe.<br \/>\nBeispiele hierf\u00fcr sind: (Pb) Blei, (Cd) Cadmium, (Hg) Quecksilber.<br \/>\nSie haben die M\u00f6glichkeit, diese Information auch nochmals in den Begleitpapieren der<br \/>\nWarenlieferung oder in der Bedienungsanleitung des jeweiligen Herstellers nachzulesen.<br \/>\nWeitere detaillierte Hinweise zur Batterieverordnung erhalten Sie beim Bundesministerium f\u00fcr Umwelt, Naturschutz und Reaktorsicherheit<br \/>\n(www.bmu.de\/abfallwirtschaft)<br \/>\n<div class=\"spacer\"><!-- --><\/div>\n<p><strong>Hinweis auf Beteiligung am Befreiungssystem der Landbell AG <\/strong><br \/>\n&#8222;Hinsichtlich der von uns erstmals mit Ware bef\u00fcllten und an private Endverbraucher abgegebene Verkaufsverpackungen hat\u00a0 sich unser Unternehmen zur Sicherstellung der Erf\u00fcllung unserer gesetzlichen Pflichten nach \u00a7 6 VerpackV dem bundesweit t\u00e4tigen R\u00fccknahmesystem der Landbell AG, Mainz, (Kundennummer: 4102630) angeschlossen. Weitere Informationen finden\u00a0 Sie unter www.landbell.de&#8220;<\/p>\n<h3>Disclaimer und rechtliche Hinweise<\/h3>\n<h4>1. Haftungsbeschr\u00e4nkung<\/h4>\n<p>Die Inhalte dieser Website werden mit gr\u00f6\u00dftm\u00f6glicher Sorgfalt erstellt. Der Anbieter \u00fcbernimmt jedoch keine Gew\u00e4hr f\u00fcr die Richtigkeit, Vollst\u00e4ndigkeit und Aktualit\u00e4t der bereitgestellten Inhalte. Die Nutzung der Inhalte der Website erfolgt auf eigene Gefahr des Nutzers. Namentlich gekennzeichnete Beitr\u00e4ge geben die Meinung des jeweiligen Autors und nicht immer die Meinung des Anbieters wieder. Mit der reinen Nutzung der Website des Anbieters kommt keinerlei Vertragsverh\u00e4ltnis zwischen dem Nutzer und dem Anbieter zustande.<\/p>\n<h4>2. Externe Links<\/h4>\n<p>Diese Website enth\u00e4lt Verkn\u00fcpfungen zu Websites Dritter (&#8222;externe Links&#8220;). Diese Websites unterliegen der Haftung der jeweiligen Betreiber. Der Anbieter hat bei der erstmaligen Verkn\u00fcpfung der externen Links die fremden Inhalte daraufhin \u00fcberpr\u00fcft, ob etwaige Rechtsverst\u00f6\u00dfe bestehen. Zu dem Zeitpunkt waren keine Rechtsverst\u00f6\u00dfe ersichtlich. Der Anbieter hat keinerlei Einfluss auf die aktuelle und zuk\u00fcnftige Gestaltung und auf die Inhalte der verkn\u00fcpften Seiten. Das Setzen von externen Links bedeutet nicht, dass sich der Anbieter die hinter dem Verweis oder Link liegenden Inhalte zu Eigen macht. Eine st\u00e4ndige Kontrolle dieser externen Links ist f\u00fcr den Anbieter ohne konkrete Hinweise auf Rechtsverst\u00f6\u00dfe nicht zumutbar. Bei Kenntnis von Rechtsverst\u00f6\u00dfen werden jedoch derartige externe Links unverz\u00fcglich gel\u00f6scht.<\/p>\n<h4>3. Urheber- und Leistungsschutzrechte<\/h4>\n<p>Die auf dieser Website ver\u00f6ffentlichten Inhalte unterliegen dem deutschen Urheber- und Leistungsschutzrecht. Jede vom deutschen Urheber- und Leistungsschutzrecht nicht zugelassene Verwertung bedarf der vorherigen schriftlichen Zustimmung des Anbieters oder jeweiligen Rechteinhabers. Dies gilt insbesondere f\u00fcr Vervielf\u00e4ltigung, Bearbeitung, \u00dcbersetzung, Einspeicherung, Verarbeitung bzw. Wiedergabe von Inhalten in Datenbanken oder anderen elektronischen Medien und Systemen. Inhalte und Rechte Dritter sind dabei als solche gekennzeichnet. Die unerlaubte Vervielf\u00e4ltigung oder Weitergabe einzelner Inhalte oder kompletter Seiten ist nicht gestattet und strafbar. Lediglich die Herstellung von Kopien und Downloads f\u00fcr den pers\u00f6nlichen, privaten und nicht kommerziellen Gebrauch ist erlaubt.<\/p>\n<p>Die Darstellung dieser Website in fremden Frames ist nur mit schriftlicher Erlaubnis zul\u00e4ssig.<\/p>\n<h4>4. Datenschutz<\/h4>\n<p>Durch den Besuch der Website des Anbieters k\u00f6nnen Informationen \u00fcber den Zugriff (Datum, Uhrzeit, betrachtete Seite) gespeichert werden. Diese Daten geh\u00f6ren nicht zu den personenbezogenen Daten, sondern sind anonymisiert. Sie werden ausschlie\u00dflich zu statistischen Zwecken ausgewertet. Eine Weitergabe an Dritte, zu kommerziellen oder nichtkommerziellen Zwecken, findet nicht statt.<\/p>\n<p>Der Anbieter weist ausdr\u00fccklich darauf hin, dass die Daten\u00fcbertragung im Internet (z.B. bei der Kommunikation per E-Mail) Sicherheitsl\u00fccken aufweisen und nicht l\u00fcckenlos vor dem Zugriff durch Dritte gesch\u00fctzt werden kann.<\/p>\n<p>Die Verwendung der Kontaktdaten des Impressums zur gewerblichen Werbung ist ausdr\u00fccklich nicht erw\u00fcnscht, es sei denn der Anbieter hatte zuvor seine schriftliche Einwilligung erteilt oder es besteht bereits eine Gesch\u00e4ftsbeziehung. Der Anbieter und alle auf dieser Website genannten Personen widersprechen hiermit jeder kommerziellen Verwendung und Weitergabe ihrer Daten.<\/p>\n<h4>5. Besondere Nutzungsbedingungen<\/h4>\n<p>Soweit besondere Bedingungen f\u00fcr einzelne Nutzungen dieser Website von den vorgenannten Nummern 1. bis 4. abweichen, wird an entsprechender Stelle ausdr\u00fccklich darauf hingewiesen. In diesem Falle gelten im jeweiligen Einzelfall die besonderen Nutzungsbedingungen.<\/p>\n<p>Quelle: <a href=\"http:\/\/www.juraforum.de\">Juraforum.de<\/a><\/p>\n<p><strong><br \/>\n<\/strong><\/p>\n","protected":false},"excerpt":{"rendered":"<p>Impressum BassLine Inhaber:\u00a0 R\u00fcdiger Ziesemann Strasse: \u00a0 M\u00fchlenweg 52 Plz &#8211; Ort: 47839 Krefeld Tel.: 0049-(0)2151\/736496 Fax: 0049-(0)2151\/743625 E-Mail:\u00a0\u00a0\u00a0 info@bassline-bass.de Internet: www.bassline-bass.de Gesch\u00e4ftsform: Einzelunternehmen Zust\u00e4ndige Kammer: Handwerkskammer D\u00fcsseldorf, IHK Krefeld Ust-IdnNr.: DE 120248394 Steuer-Nr.: 117\/5211\/0159 WEE-Nr.:\u00a0\u00a0\u00a0\u00a0 DE 34428268 Informationspflicht gem\u00e4\u00df Batteriegesetz (BattG) Achten Sie darauf, dass Ihre alten Batterien\/Akkus, so wie es der Gesetzgeber vorschreibt, an einer kommunalen Sammelstelle oder&nbsp;&rarr;&nbsp;<a href=\"https:\/\/bassline-bass.de\/en\/impressum\/\" class=\"read-more\">read more<\/a><\/p>\n","protected":false},"author":1,"featured_media":0,"parent":0,"menu_order":0,"comment_status":"closed","ping_status":"open","template":"page-fullwidth.php","meta":[],"_links":{"self":[{"href":"https:\/\/bassline-bass.de\/en\/wp-json\/wp\/v2\/pages\/69"}],"collection":[{"href":"https:\/\/bassline-bass.de\/en\/wp-json\/wp\/v2\/pages"}],"about":[{"href":"https:\/\/bassline-bass.de\/en\/wp-json\/wp\/v2\/types\/page"}],"author":[{"embeddable":true,"href":"https:\/\/bassline-bass.de\/en\/wp-json\/wp\/v2\/users\/1"}],"replies":[{"embeddable":true,"href":"https:\/\/bassline-bass.de\/en\/wp-json\/wp\/v2\/comments?post=69"}],"version-history":[{"count":2,"href":"https:\/\/bassline-bass.de\/en\/wp-json\/wp\/v2\/pages\/69\/revisions"}],"predecessor-version":[{"id":9552,"href":"https:\/\/bassline-bass.de\/en\/wp-json\/wp\/v2\/pages\/69\/revisions\/9552"}],"wp:attachment":[{"href":"https:\/\/bassline-bass.de\/en\/wp-json\/wp\/v2\/media?parent=69"}],"curies":[{"name":"wp","href":"https:\/\/api.w.org\/{rel}","templated":true}]}}