{"id":7346,"date":"2018-05-18T12:54:46","date_gmt":"2018-05-18T10:54:46","guid":{"rendered":"https:\/\/bassline-bass.de\/?page_id=7346"},"modified":"2023-07-03T09:15:12","modified_gmt":"2023-07-03T07:15:12","slug":"datenschutz","status":"publish","type":"page","link":"https:\/\/bassline-bass.de\/en\/datenschutz\/","title":{"rendered":"Datenschutz"},"content":{"rendered":"\n<p><strong>Datenschutzerklaerung<\/strong><\/p>\n\n\n\n<p><strong>Grundlegendes<\/strong><\/p>\n\n\n\n<p>Diese Datenschutzerkl\u00e4rung soll die Nutzer dieser Website \u00fcber die Art, den Umfang und den Zweck der Erhebung und Verwendung personenbezogener Daten durch den Websitebetreiber<\/p>\n\n\n\n<p><strong>BassLine<br>Jan Aretz<br>M\u00fchlenweg 52<br>47839 Krefeld<br>Tel. 02151-736496<br>e-mail: info@bassline-bass.de<\/strong><\/p>\n\n\n\n<p>informieren.<\/p>\n\n\n\n<p>Der Websitebetreiber nimmt Ihren Datenschutz sehr ernst und behandelt Ihre personenbezogenen Daten vertraulich und entsprechend der gesetzlichen Vorschriften. Da durch neue Technologien und die st\u00e4ndige Weiterentwicklung dieser Webseite \u00c4nderungen an dieser Datenschutzerkl\u00e4rungvorgenommen werden k\u00f6nnen, empfehlen wir Ihnen sich die Datenschutzerkl\u00e4rung in regelm\u00e4\u00dfigen Abst\u00e4nden wieder durchzulesen.<\/p>\n\n\n\n<p>Definitionen der verwendeten Begriffe (z.B. \u201cpersonenbezogene Daten\u201d oder \u201cVerarbeitung\u201d) finden Sie in Art. 4 DSGVO.<\/p>\n\n\n\n<p><strong>Zugriffsdaten<\/strong><\/p>\n\n\n\n<p>Wir, der Websitebetreiber bzw. Seitenprovider, erheben aufgrund unseres berechtigten Interesses (s. Art. 6 Abs. 1 lit. f. DSGVO) Daten \u00fcber Zugriffe auf die Website und speichern diese als \u201eServer-Logfiles\u201c auf dem Server der Website ab. Folgende Daten werden so protokolliert:<\/p>\n\n\n\n<ul><li>Besuchte Website<\/li><li>Uhrzeit zum Zeitpunkt des Zugriffes<\/li><li>Menge der gesendeten Daten in Byte<\/li><li>Quelle\/Verweis, von welchem Sie auf die Seite gelangten<\/li><li>Verwendeter Browser<\/li><li>Verwendetes Betriebssystem<\/li><li>Verwendete IP-Adresse<\/li><\/ul>\n\n\n\n<p>Die Server-Logfiles werden f\u00fcr maximal 7 Tage gespeichert und anschlie\u00dfend gel\u00f6scht. Die Speicherung der Daten erfolgt aus Sicherheitsgr\u00fcnden, um z. B. Missbrauchsf\u00e4lle aufkl\u00e4ren zu k\u00f6nnen.<\/p>\n\n\n\n<p>M\u00fcssen Daten aus Beweisgr\u00fcnden aufgehoben werden, sind sie solange von der L\u00f6schung ausgenommen bis der Vorfall endg\u00fcltig gekl\u00e4rt ist.<\/p>\n\n\n\n<p><strong>Reichweitenmessung &amp; Cookies<\/strong><\/p>\n\n\n\n<p>Diese Website verwendet Cookies zur pseudonymisierten Reichweitenmessung, die entweder von unserem Server oder dem Server Dritter an den Browser des Nutzers \u00fcbertragen werden. Bei Cookies handelt es sich um kleine Dateien, welche auf Ihrem Endger\u00e4t gespeichert werden. Ihr Browser greift auf diese Dateien zu. Durch den Einsatz von Cookies erh\u00f6ht sich die Benutzerfreundlichkeit und Sicherheit dieser Website.<br>\nFalls Sie nicht m\u00f6chten, dass Cookies zur Reichweitenmessung auf Ihrem Endger\u00e4t gespeichert werden, k\u00f6nnen Sie dem Einsatz dieser Dateien hier widersprechen:<\/p>\n\n\n\n<ul><li>Cookie-Deaktivierungsseite der Netzwerkwerbeinitiative:<br>\n<a href=\"http:\/\/optout.networkadvertising.org\/?c=1#!\"> http:\/\/optout.networkadvertising.org\/?c=1#!<\/a><\/li><li>Cookie-Deaktivierungsseite der US-amerikanischen Website:<br>\n<a href=\"http:\/\/optout.aboutads.info\/?c=2#!\"> http:\/\/optout.aboutads.info\/?c=2#!<\/a><\/li><li>Cookie-Deaktivierungsseite der europ\u00e4ischen Website:<br>\n<a href=\"http:\/\/optout.networkadvertising.org\/?c=1#!\"> http:\/\/optout.networkadvertising.org\/?c=1#!<\/a><\/li><\/ul>\n\n\n\n<p>G\u00e4ngige Browser bieten die Einstellungsoption, Cookies nicht zuzulassen. Hinweis: Es ist nicht gew\u00e4hrleistet, dass Sie auf alle Funktionen dieser Website ohne Einschr\u00e4nkungen zugreifen k\u00f6nnen, wenn Sie entsprechende Einstellungen vornehmen.<\/p>\n\n\n\n<p><strong>Erfassung und Verarbeitung personenbezogener Daten<\/strong><\/p>\n\n\n\n<p>Der Websitebetreiber erhebt, nutzt und gibt Ihre personenbezogenen Daten nur dann weiter, wenn dies im gesetzlichen Rahmen erlaubt ist oder Sie in die Datenerhebung einwilligen.<\/p>\n\n\n\n<p>Als personenbezogene Daten gelten s\u00e4mtliche Informationen, welche dazu dienen, Ihre Person zu bestimmen und welche zu Ihnen zur\u00fcckverfolgt werden k\u00f6nnen \u2013 also beispielsweise Ihr Name, Ihre E-Mail-Adresse und Telefonnummer.<\/p>\n\n\n\n<p>Diese Website k\u00f6nnen Sie auch besuchen, ohne Angaben zu Ihrer Person zu machen. Zur Verbesserung unseres Online-Angebotes speichern wir jedoch (ohne Personenbezug) Ihre Zugriffsdaten auf diese Website. Zu diesen Zugriffsdaten geh\u00f6ren z. B. die von Ihnen angeforderte Datei oder der Name Ihres Internet-Providers. Durch die Anonymisierung der Daten sind R\u00fcckschl\u00fcsse auf Ihre Person nicht m\u00f6glich.<\/p>\n\n\n\n<ul><li>Wir verarbeiten personenbezogene Daten wie Vorname, Nachname, IP-Adresse, E-Mail-Adresse, Wohnort, Postleitzahl und Inhaltsangaben aus dem Kontaktformular.<\/li><li>Wir verarbeiten personenbezogene Daten nur nach ausdr\u00fccklicher Erlaubnis der betreffenden Nutzer und unter Einhaltung der geltenden Datenschutzbestimmungen.<\/li><li>Die Verarbeitung der personenbezogenen Daten erfolgt aufgrund unseres berechtigten Interesses zur Erf\u00fcllung unserer vertraglich vereinbarten Leistungen und zur Optimierung unseres Online-Angebotes.<\/li><\/ul>\n\n\n\n<p><strong> Weitergabe von Daten an Dritte oder Drittanbieter<\/strong><\/p>\n\n\n\n<p>Informationen, die wir von Ihnen bekommen nutzen wir f\u00fcr die Abwicklung von Bestellungen, Lieferung von Waren und das Erbringen von Dienstleistungen, sowie die Abwicklung der Zahlung.<\/p>\n\n\n\n<p>Wir geben Ihre Daten ausschlie\u00dflich zu folgenden Zwecken an Dritte weiter:<br>\nWir beauftragen andere Unternehmen und Einzelpersonen mit der Erf\u00fcllung von Aufgaben f\u00fcr uns u.a. Paketlieferungen, Sendung von Briefen oder e-mails, Abwicklung von Zahlungen. Diese Dienstleister haben Zugang zu pers\u00f6nlichen Informationen, die zur Erf\u00fcllung ihrer Aufgaben dienen. Sie d\u00fcrfen diese jedoch nicht zu anderen Zwecken verwenden. Dar\u00fcber hinaus sind sie verpflichtet, die Informationen gem\u00e4\u00df den g\u00fcltigen Datenschutzgesetzen zu behandeln.<\/p>\n\n\n\n<p><strong>Umgang mit Kontaktdaten<\/strong><\/p>\n\n\n\n<p>Nehmen Sie mit uns als Websitebetreiber durch die angebotenen Kontaktm\u00f6glichkeiten Verbindung auf, werden Ihre Angaben gespeichert, damit auf diese zur Bearbeitung und Beantwortung Ihrer Anfrage zur\u00fcckgegriffen werden kann. Ohne Ihre Einwilligung werden diese Daten nicht an Dritte weitergegeben.<\/p>\n\n\n\n<p><strong>Umgang mit Kommentaren und Beitr\u00e4gen<\/strong><\/p>\n\n\n\n<p>Kommentare sind auf unserer Website nicht m\u00f6glich.<\/p>\n\n\n\n<p><strong> Nutzung von Social-Media-Plugins von Facebook<\/strong><\/p>\n\n\n\n<p>Unsere Website verwendet keine Social-Media-Plugins.<\/p>\n\n\n\n<p><strong>YouTube<\/strong><\/p>\n\n\n\n<p>Unsere Seite verwendet f\u00fcr die Einbindung von Videos den Anbieter&nbsp;YouTube LLC ,&nbsp;901 Cherry Avenue, San Bruno, CA 94066, USA,&nbsp;vertreten durch Google Inc., 1600 Amphitheatre Parkway, Mountain View, CA 94043, USA. Normalerweise wird&nbsp;bereits bei Aufruf einer Seite mit&nbsp;eingebetteten Videos Ihre&nbsp;IP-Adresse an&nbsp;YouTube gesendet und Cookies auf Ihrem&nbsp;Rechner installiert. Wir haben unsere YouTube-Videos mit dem erweiterten Datenschutzmodus eingebunden (in diesem Fall nimmt&nbsp;YouTube immer noch Kontakt zu dem Dienst Double Klick von Google auf, doch werden&nbsp;dabei laut der Datenschutzerkl\u00e4rung von Google personenbezogene Daten nicht ausgewertet). Dadurch&nbsp;werden von YouTube keine Informationen \u00fcber die Besucher mehr&nbsp;gespeichert, es sei denn, sie sehen sich das Video an. Wenn Sie das&nbsp;Video anklicken, wird Ihre&nbsp;IP-Adresse an&nbsp;YouTube \u00fcbermittelt und&nbsp;YouTube erf\u00e4hrt, dass Sie das&nbsp;Video angesehen haben. Sind Sie bei&nbsp;YouTube eingeloggt, wird diese Information auch Ihrem Benutzerkonto zugeordnet (dies k\u00f6nnen Sie verhindern, indem Sie sich vor dem Aufrufen des Videos bei&nbsp;YouTube ausloggen).<\/p>\n\n\n\n<p>Von der dann m\u00f6glichen Erhebung und Verwendung Ihrer Daten durch&nbsp;YouTube haben wir keine Kenntnis und darauf auch keinen Einfluss. N\u00e4here Informationen k\u00f6nnen Sie der Datenschutzerkl\u00e4rung von&nbsp;YouTube &nbsp;unter&nbsp;<a href=\"http:\/\/www.google.de\/intl\/de\/policies\/privacy\/\" target=\"_blank\" rel=\"noopener noreferrer\">www.google.de\/intl\/de\/policies\/privacy\/<\/a>&nbsp;entnehmen. Zudem verweisen wir f\u00fcr den generellen Umgang mit und die Deaktivierung von Cookies auf unsere allgemeine Darstellung in dieser Datenschutzerkl\u00e4rung.<\/p>\n\n\n\n<p><strong>Soundcloud<\/strong><\/p>\n\n\n\n<p>Mache Instrumente werden durch die Einbindung von Audiodateien vorgestellt, die wir auf der Plattform Soundcloud hochgeladen haben. (SoundCloud Limited Rheinsberger Str. 76, 7710115 Berlin)<\/p>\n\n\n\n<p>Diese Soundbeispiele werden in dementsprechenden Artikeln auf unserer Website eingebettet. Die SoundCloud-Plugins erkennen Sie an dem SoundCloud-Logo auf den betroffenen Seiten. \u00dcber einen dementsprechenden Link in der grafischen Ansicht dieser Soundbeispielen gelangen Sie auf die Cookie-Richtlinie von Soundcloud: <a href=\"https:\/\/soundcloud.com\/pages\/cookies\/05-2018\">https:\/\/soundcloud.com\/pages\/cookies\/05-2018&nbsp; <\/a><\/p>\n\n\n\n<p>N\u00e4he Informationen zur Datenschutzerkl\u00e4rung von Soundcloud k\u00f6nnen Sie hier entnehmen: <a href=\"https:\/\/soundcloud.com\/pages\/privacy\">https:\/\/soundcloud.com\/pages\/privacy<\/a><\/p>\n\n\n\n<p>Wenn Sie unsere Seiten besuchen, wird nach Aktivierung des Plugin eine direkte Verbindung zwischen Ihrem Browser und dem SoundCloud-Server hergestellt. SoundCloud erh\u00e4lt dadurch die Information, dass Sie mit Ihrer IP-Adresse unsere Seite besucht haben. Wenn Sie den \u201eLike-Button\u201c oder \u201eShare-Button\u201c anklicken w\u00e4hrend Sie in Ihrem SoundCloud-Account eingeloggt sind, k\u00f6nnen Sie die Inhalte unserer Seiten mit Ihrem SoundCloud-Profil verlinken und\/oder teilen. Dadurch kann SoundCloud den Besuch unserer Seiten Ihrem Benutzerkonto zuordnen. Wir weisen darauf hin, dass wir als Anbieter der Seiten keine Kenntnis vom Inhalt der \u00fcbermittelten Daten sowie deren Nutzung durch SoundCloud erhalten.<\/p>\n\n\n\n<p>Wenn Sie nicht w\u00fcnschen, dass Soundcloud den Besuch unserer Seiten Ihrem SoundCloud-Nutzerkonto zuordnen kann, loggen Sie sich bitte aus Ihrem SoundCloud-Benutzerkonto aus bevor Sie Inhalte des SoundCloud-Plugins aktivieren.<\/p>\n\n\n\n<p><strong>Newsletter-Abonnement<\/strong><\/p>\n\n\n\n<p>Der Websitebetreiber bietet Ihnen einen Newsletter an, in welchem er Sie \u00fcber aktuelle Geschehnisse, Produktneuheiten und Angebote informiert. M\u00f6chten Sie den Newsletter abonnieren, m\u00fcssen Sie eine valide E-Mail-Adresse angeben.<\/p>\n\n\n\n<p>Wenn Sie den Newsletter abonnieren, erkl\u00e4ren Sie sich mit dem Newsletter-Empfang und den erl\u00e4uterten Verfahren einverstanden. Beim Versanddienstleiter wird Ihre E-mail-Adresse gespeichert, die dem Versand des Newsletters dient. Es werden au\u00dferdem statistische Daten \u00fcber das \u00d6ffnen des Newsletters und das Anklicken von im Newsletter enthaltenen Links erhoben. Der Newsletterversand erfolgt durch den Versanddienstleister mailchimp The Rocket Science Group, LLC 675 Ponce de Leon Ave NE, Suite 5000, Atlanta, GA 30308 USA<\/p>\n\n\n\n<p>Informationen \u00fcber die Datenschutzbestimmungen des Versanddienstleisters erhalten Sie unter: <a href=\"https:\/\/mailchimp.com\/legal\/privacy\">https:\/\/mailchimp.com\/legal\/privacy<\/a><\/p>\n\n\n\n<p>Widerruf und K\u00fcndigung: Ihre Einwilligung zum Erhalt des Newsletter k\u00f6nnen Sie jederzeit widerrufen und somit das Newsletter-Abonnement k\u00fcndigen. Nach Ihrer K\u00fcndigung erfolgt die L\u00f6schung Ihrer personenbezogenen Daten. Ihre Einwilligung in den Newsletterversand erlischt gleichzeitig. Am Ende jedes Newsletters finden Sie den Link zur K\u00fcndigung.<\/p>\n\n\n\n<p><strong>Rechte des Nutzers<\/strong><\/p>\n\n\n\n<p>Sie haben als Nutzer das Recht, auf Antrag eine kostenlose Auskunft dar\u00fcber zu erhalten, welche personenbezogenen Daten \u00fcber Sie gespeichert wurden. Sie haben au\u00dferdem das Recht auf Berichtigung falscher Daten und auf die Verarbeitungseinschr\u00e4nkung oder L\u00f6schung Ihrer personenbezogenen Daten. Falls zutreffend, k\u00f6nnen Sie auch Ihr Recht auf Datenportabilit\u00e4t geltend machen. Sollten Sie annehmen, dass Ihre Daten unrechtm\u00e4\u00dfig verarbeitet wurden, k\u00f6nnen Sie eine Beschwerde bei der zust\u00e4ndigen Aufsichtsbeh\u00f6rde einreichen.<\/p>\n\n\n\n<p><strong>L\u00f6schung von Daten<\/strong><\/p>\n\n\n\n<p>Sofern Ihr Wunsch nicht mit einer gesetzlichen Pflicht zur Aufbewahrung von Daten (z. B. Vorratsdatenspeicherung) kollidiert, haben Sie ein Anrecht auf L\u00f6schung Ihrer Daten. Von uns gespeicherte Daten werden, sollten sie f\u00fcr ihre Zweckbestimmung nicht mehr vonn\u00f6ten sein und es keine gesetzlichen Aufbewahrungsfristen geben, gel\u00f6scht. Falls eine L\u00f6schung nicht durchgef\u00fchrt werden kann, da die Daten f\u00fcr zul\u00e4ssige gesetzliche Zwecke erforderlich sind, erfolgt eine Einschr\u00e4nkung der Datenverarbeitung. In diesem Fall werden die Daten gesperrt und nicht f\u00fcr andere Zwecke verarbeitet.<\/p>\n\n\n\n<p><strong>Widerspruchsrecht<\/strong><\/p>\n\n\n\n<p>Nutzer dieser Webseite k\u00f6nnen von ihrem Widerspruchsrecht Gebrauch machen und der Verarbeitung ihrer personenbezogenen Daten zu jeder Zeit widersprechen.<br>\nWenn Sie eine Berichtigung, Sperrung, L\u00f6schung oder Auskunft \u00fcber die zu Ihrer Person gespeicherten personenbezogenen Daten w\u00fcnschen oder Fragen bzgl. der Erhebung, Verarbeitung oder Verwendung Ihrer personenbezogenen Daten haben oder erteilte Einwilligungen widerrufen m\u00f6chten, wenden Sie sich bitte an folgende E-Mail-Adresse: <a href=\"mailto:info@bassline-bass.de\">info@bassline-bass.de<\/a><\/p>\n","protected":false},"excerpt":{"rendered":"<p>Datenschutzerklaerung Grundlegendes Diese Datenschutzerkl\u00e4rung soll die Nutzer dieser Website \u00fcber die Art, den Umfang und den Zweck der Erhebung und Verwendung personenbezogener Daten durch den Websitebetreiber BassLineJan AretzM\u00fchlenweg 5247839 KrefeldTel. 02151-736496e-mail: info@bassline-bass.de informieren. Der Websitebetreiber nimmt Ihren Datenschutz sehr ernst und behandelt Ihre personenbezogenen Daten vertraulich und entsprechend der gesetzlichen Vorschriften. Da durch neue Technologien und die st\u00e4ndige Weiterentwicklung dieser&nbsp;&rarr;&nbsp;<a href=\"https:\/\/bassline-bass.de\/en\/datenschutz\/\" class=\"read-more\">read more<\/a><\/p>\n","protected":false},"author":2,"featured_media":0,"parent":0,"menu_order":0,"comment_status":"closed","ping_status":"closed","template":"","meta":[],"_links":{"self":[{"href":"https:\/\/bassline-bass.de\/en\/wp-json\/wp\/v2\/pages\/7346"}],"collection":[{"href":"https:\/\/bassline-bass.de\/en\/wp-json\/wp\/v2\/pages"}],"about":[{"href":"https:\/\/bassline-bass.de\/en\/wp-json\/wp\/v2\/types\/page"}],"author":[{"embeddable":true,"href":"https:\/\/bassline-bass.de\/en\/wp-json\/wp\/v2\/users\/2"}],"replies":[{"embeddable":true,"href":"https:\/\/bassline-bass.de\/en\/wp-json\/wp\/v2\/comments?post=7346"}],"version-history":[{"count":15,"href":"https:\/\/bassline-bass.de\/en\/wp-json\/wp\/v2\/pages\/7346\/revisions"}],"predecessor-version":[{"id":9270,"href":"https:\/\/bassline-bass.de\/en\/wp-json\/wp\/v2\/pages\/7346\/revisions\/9270"}],"wp:attachment":[{"href":"https:\/\/bassline-bass.de\/en\/wp-json\/wp\/v2\/media?parent=7346"}],"curies":[{"name":"wp","href":"https:\/\/api.w.org\/{rel}","templated":true}]}}